{"id":226,"date":"2021-10-11T09:00:49","date_gmt":"2021-10-11T09:00:49","guid":{"rendered":"https:\/\/old.ralko.lt\/?page_id=226"},"modified":"2021-10-20T09:53:01","modified_gmt":"2021-10-20T09:53:01","slug":"cookies","status":"publish","type":"page","link":"https:\/\/ralko.eu\/en\/about-us\/cookies\/","title":{"rendered":"Cookies"},"content":{"rendered":"<h2>Who we are<\/h2>\n<p>The address of our website is https:\/\/old.ralko.lt<\/p>\n<h2>What personal data we collect and why we do it<\/h2>\n<h3>Cookies<\/h3>\n<p>Personal data is not created solely by the user\u2019s actions on the website. They also occur as a result of technical processes such as contact forms, cookies, statistics and third party embeds.<\/p>\n<h3>Content uploaded from other web pages<\/h3>\n<p>This web page may contain content (such as videos, pictures, text, etc.) uploaded from other web pages. Viewing and interacting with such uploaded content on this web page amounts to a visit to the web pages from which the content is uploaded.<\/p>\n<p>These websites may collect data about you, use cookies, third-party tracking services, and monitor your actions with uploaded content.<\/p>\n<table dir=\"ltr\" border=\"1\" cellspacing=\"0\" cellpadding=\"0\">\n<colgroup>\n<col width=\"126\" \/>\n<col width=\"156\" \/>\n<col width=\"151\" \/>\n<col width=\"100\" \/>\n<col width=\"202\" \/><\/colgroup>\n<tbody>\n<tr>\n<td data-sheets-value=\"{&quot;1&quot;:2,&quot;2&quot;:&quot;Slapuko pavadinimas&quot;}\">Cookie name<\/td>\n<td data-sheets-value=\"{&quot;1&quot;:2,&quot;2&quot;:&quot;Apra\u0161ymas&quot;}\">Description<\/td>\n<td data-sheets-value=\"{&quot;1&quot;:2,&quot;2&quot;:&quot;Suk\u016brimo momentas&quot;}\">Creation time<\/td>\n<td data-sheets-value=\"{&quot;1&quot;:2,&quot;2&quot;:&quot;Galiojimo laikas&quot;}\">Lifetime<\/td>\n<td data-sheets-value=\"{&quot;1&quot;:2,&quot;2&quot;:&quot;Naudojami duomenys&quot;}\">Use data<\/td>\n<\/tr>\n<tr>\n<td data-sheets-value=\"{&quot;1&quot;:2,&quot;2&quot;:&quot;_ga, _gat, _gid&quot;}\">_ga, _gat, _gid<\/td>\n<td data-sheets-value=\"{&quot;1&quot;:2,&quot;2&quot;:&quot;\u0160ie slapukai naudojami statistinei informacijai apie lankomum\u0105 rinkti. Gauti duomenys naudojami ataskaitoms rengti ir siekiant patobulinti puslap\u012f.&quot;}\">These cookies are used to collect traffic statistics. The resulting data is used for reporting purposes and to improve the page.<\/td>\n<td data-sheets-value=\"{&quot;1&quot;:2,&quot;2&quot;:&quot;\u012e\u0117jimo \u012f puslap\u012f metu&quot;}\">During the entrance to the page<\/td>\n<td data-sheets-value=\"{&quot;1&quot;:2,&quot;2&quot;:&quot;2 metai 30 minu\u010di\u0173&quot;}\">2 years 30 minutes<\/td>\n<td data-sheets-value=\"{&quot;1&quot;:2,&quot;2&quot;:&quot;IP adresai ir unikal\u016bs ID numeriai. Apskaitos rezultatas statistinis. Skaitliuko apskaita vykdoma GOOGLE ANALYTICS&quot;}\">IP addresses and unique ID numbers. Accounting result is statistical. The meter is accounted for by GOOGLE ANALYTICS<\/td>\n<\/tr>\n<tr>\n<td data-sheets-value=\"{&quot;1&quot;:2,&quot;2&quot;:&quot;usecookie&quot;}\">usecookie<\/td>\n<td data-sheets-value=\"{&quot;1&quot;:2,&quot;2&quot;:&quot;Vartotojo sutikimas su slapuk\u0173 informacija&quot;}\">User consent to cookie information<\/td>\n<td data-sheets-value=\"{&quot;1&quot;:2,&quot;2&quot;:&quot;Sutikimo su informacija metu&quot;}\">At the time of consent to the information<\/td>\n<td data-sheets-value=\"{&quot;1&quot;:2,&quot;2&quot;:&quot;1 metai&quot;}\">1 year<\/td>\n<td data-sheets-value=\"{&quot;1&quot;:2,&quot;2&quot;:&quot;Skaitin\u0117 reik\u0161m\u0117&quot;}\">Skaitin\u0117 reik\u0161m\u0117<\/td>\n<\/tr>\n<\/tbody>\n<\/table>\n<h3>How long we keep your data<\/h3>\n<p>If you write a comment, its text and metadata are stored indefinitely. This is so that we can recognize and approve future comments automatically instead of the administrator\u2019s approval.<\/p>\n<p>When you sign up for our website and become a user, we store all your personal data that you submit to your account. Each user can view, edit and delete their personal data at any time (except for their username). Webmasters can also view and edit this data.<\/p>\n<h3>Your rights<\/h3>\n<p>If you have an account on this site or have ever commented here, you may request to receive a data export file containing all the personal data we hold about you, including those you have provided to us. You may also require us to delete any personal data we hold about you. These two requirements do not apply to data that we are required to retain by law for administrative, legal or security purposes.<\/p>\n<h3>Where we send your data<\/h3>\n<p>Visitors\u2019 comments can be checked using an automated spam search service.<\/p>\n","protected":false},"excerpt":{"rendered":"<p>Who we are The address of our website is https:\/\/old.ralko.lt What personal data we collect and why we do it Cookies Personal data is not created solely by the user\u2019s actions on the website. They also occur as a result of technical processes such as contact forms, cookies, statistics and third party embeds. Content uploaded [&hellip;]<\/p>\n","protected":false},"author":1,"featured_media":0,"parent":207,"menu_order":28,"comment_status":"closed","ping_status":"open","template":"","meta":{"_acf_changed":false,"footnotes":""},"class_list":["post-226","page","type-page","status-publish","hentry"],"acf":[],"yoast_head":"<!-- This site is optimized with the Yoast SEO plugin v27.2 - https:\/\/yoast.com\/product\/yoast-seo-wordpress\/ -->\n<title>Cookies - ralko.eu [OLD]<\/title>\n<meta name=\"robots\" content=\"index, follow, max-snippet:-1, max-image-preview:large, max-video-preview:-1\" \/>\n<link rel=\"canonical\" href=\"https:\/\/ralko.eu\/apie-mus\/cookies\/\" \/>\n<meta property=\"og:locale\" content=\"en_US\" \/>\n<meta property=\"og:type\" content=\"article\" \/>\n<meta property=\"og:title\" content=\"Cookies - ralko.eu [OLD]\" \/>\n<meta property=\"og:description\" content=\"Who we are The address of our website is https:\/\/old.ralko.lt What personal data we collect and why we do it Cookies Personal data is not created solely by the user\u2019s actions on the website. They also occur as a result of technical processes such as contact forms, cookies, statistics and third party embeds. Content uploaded [&hellip;]\" \/>\n<meta property=\"og:url\" content=\"https:\/\/ralko.eu\/apie-mus\/cookies\/\" \/>\n<meta property=\"og:site_name\" content=\"ralko.eu [OLD]\" \/>\n<meta property=\"article:modified_time\" content=\"2021-10-20T09:53:01+00:00\" \/>\n<meta name=\"twitter:card\" content=\"summary_large_image\" \/>\n<meta name=\"twitter:label1\" content=\"Est. reading time\" \/>\n\t<meta name=\"twitter:data1\" content=\"2 minutes\" \/>\n<script type=\"application\/ld+json\" class=\"yoast-schema-graph\">{\"@context\":\"https:\/\/schema.org\",\"@graph\":[{\"@type\":\"WebPage\",\"@id\":\"https:\/\/ralko.eu\/apie-mus\/cookies\/\",\"url\":\"https:\/\/ralko.eu\/apie-mus\/cookies\/\",\"name\":\"Cookies - ralko.eu [OLD]\",\"isPartOf\":{\"@id\":\"https:\/\/ralko.eu\/#website\"},\"datePublished\":\"2021-10-11T09:00:49+00:00\",\"dateModified\":\"2021-10-20T09:53:01+00:00\",\"breadcrumb\":{\"@id\":\"https:\/\/ralko.eu\/apie-mus\/cookies\/#breadcrumb\"},\"inLanguage\":\"en-US\",\"potentialAction\":[{\"@type\":\"ReadAction\",\"target\":[\"https:\/\/ralko.eu\/apie-mus\/cookies\/\"]}]},{\"@type\":\"BreadcrumbList\",\"@id\":\"https:\/\/ralko.eu\/apie-mus\/cookies\/#breadcrumb\",\"itemListElement\":[{\"@type\":\"ListItem\",\"position\":1,\"name\":\"Titulinis\",\"item\":\"https:\/\/ralko.eu\/en\/\"},{\"@type\":\"ListItem\",\"position\":2,\"name\":\"About us\",\"item\":\"https:\/\/ralko.eu\/apie-mus\/\"},{\"@type\":\"ListItem\",\"position\":3,\"name\":\"Cookies\"}]},{\"@type\":\"WebSite\",\"@id\":\"https:\/\/ralko.eu\/#website\",\"url\":\"https:\/\/ralko.eu\/\",\"name\":\"ralko.eu [OLD]\",\"description\":\"\",\"publisher\":{\"@id\":\"https:\/\/ralko.eu\/#organization\"},\"potentialAction\":[{\"@type\":\"SearchAction\",\"target\":{\"@type\":\"EntryPoint\",\"urlTemplate\":\"https:\/\/ralko.eu\/?s={search_term_string}\"},\"query-input\":{\"@type\":\"PropertyValueSpecification\",\"valueRequired\":true,\"valueName\":\"search_term_string\"}}],\"inLanguage\":\"en-US\"},{\"@type\":\"Organization\",\"@id\":\"https:\/\/ralko.eu\/#organization\",\"name\":\"ralko.eu [OLD]\",\"url\":\"https:\/\/ralko.eu\/\",\"logo\":{\"@type\":\"ImageObject\",\"inLanguage\":\"en-US\",\"@id\":\"https:\/\/ralko.eu\/#\/schema\/logo\/image\/\",\"url\":\"https:\/\/ralko.eu\/wp-content\/uploads\/2024\/04\/cropped-cropped-cropped-ralko-logo-e1741075898237.png\",\"contentUrl\":\"https:\/\/ralko.eu\/wp-content\/uploads\/2024\/04\/cropped-cropped-cropped-ralko-logo-e1741075898237.png\",\"width\":100,\"height\":43,\"caption\":\"ralko.eu [OLD]\"},\"image\":{\"@id\":\"https:\/\/ralko.eu\/#\/schema\/logo\/image\/\"}}]}<\/script>\n<!-- \/ Yoast SEO plugin. -->","yoast_head_json":{"title":"Cookies - ralko.eu [OLD]","robots":{"index":"index","follow":"follow","max-snippet":"max-snippet:-1","max-image-preview":"max-image-preview:large","max-video-preview":"max-video-preview:-1"},"canonical":"https:\/\/ralko.eu\/apie-mus\/cookies\/","og_locale":"en_US","og_type":"article","og_title":"Cookies - ralko.eu [OLD]","og_description":"Who we are The address of our website is https:\/\/old.ralko.lt What personal data we collect and why we do it Cookies Personal data is not created solely by the user\u2019s actions on the website. They also occur as a result of technical processes such as contact forms, cookies, statistics and third party embeds. Content uploaded [&hellip;]","og_url":"https:\/\/ralko.eu\/apie-mus\/cookies\/","og_site_name":"ralko.eu [OLD]","article_modified_time":"2021-10-20T09:53:01+00:00","twitter_card":"summary_large_image","twitter_misc":{"Est. reading time":"2 minutes"},"schema":{"@context":"https:\/\/schema.org","@graph":[{"@type":"WebPage","@id":"https:\/\/ralko.eu\/apie-mus\/cookies\/","url":"https:\/\/ralko.eu\/apie-mus\/cookies\/","name":"Cookies - ralko.eu [OLD]","isPartOf":{"@id":"https:\/\/ralko.eu\/#website"},"datePublished":"2021-10-11T09:00:49+00:00","dateModified":"2021-10-20T09:53:01+00:00","breadcrumb":{"@id":"https:\/\/ralko.eu\/apie-mus\/cookies\/#breadcrumb"},"inLanguage":"en-US","potentialAction":[{"@type":"ReadAction","target":["https:\/\/ralko.eu\/apie-mus\/cookies\/"]}]},{"@type":"BreadcrumbList","@id":"https:\/\/ralko.eu\/apie-mus\/cookies\/#breadcrumb","itemListElement":[{"@type":"ListItem","position":1,"name":"Titulinis","item":"https:\/\/ralko.eu\/en\/"},{"@type":"ListItem","position":2,"name":"About us","item":"https:\/\/ralko.eu\/apie-mus\/"},{"@type":"ListItem","position":3,"name":"Cookies"}]},{"@type":"WebSite","@id":"https:\/\/ralko.eu\/#website","url":"https:\/\/ralko.eu\/","name":"ralko.eu [OLD]","description":"","publisher":{"@id":"https:\/\/ralko.eu\/#organization"},"potentialAction":[{"@type":"SearchAction","target":{"@type":"EntryPoint","urlTemplate":"https:\/\/ralko.eu\/?s={search_term_string}"},"query-input":{"@type":"PropertyValueSpecification","valueRequired":true,"valueName":"search_term_string"}}],"inLanguage":"en-US"},{"@type":"Organization","@id":"https:\/\/ralko.eu\/#organization","name":"ralko.eu [OLD]","url":"https:\/\/ralko.eu\/","logo":{"@type":"ImageObject","inLanguage":"en-US","@id":"https:\/\/ralko.eu\/#\/schema\/logo\/image\/","url":"https:\/\/ralko.eu\/wp-content\/uploads\/2024\/04\/cropped-cropped-cropped-ralko-logo-e1741075898237.png","contentUrl":"https:\/\/ralko.eu\/wp-content\/uploads\/2024\/04\/cropped-cropped-cropped-ralko-logo-e1741075898237.png","width":100,"height":43,"caption":"ralko.eu [OLD]"},"image":{"@id":"https:\/\/ralko.eu\/#\/schema\/logo\/image\/"}}]}},"_links":{"self":[{"href":"https:\/\/ralko.eu\/en\/wp-json\/wp\/v2\/pages\/226","targetHints":{"allow":["GET"]}}],"collection":[{"href":"https:\/\/ralko.eu\/en\/wp-json\/wp\/v2\/pages"}],"about":[{"href":"https:\/\/ralko.eu\/en\/wp-json\/wp\/v2\/types\/page"}],"author":[{"embeddable":true,"href":"https:\/\/ralko.eu\/en\/wp-json\/wp\/v2\/users\/1"}],"replies":[{"embeddable":true,"href":"https:\/\/ralko.eu\/en\/wp-json\/wp\/v2\/comments?post=226"}],"version-history":[{"count":2,"href":"https:\/\/ralko.eu\/en\/wp-json\/wp\/v2\/pages\/226\/revisions"}],"predecessor-version":[{"id":239,"href":"https:\/\/ralko.eu\/en\/wp-json\/wp\/v2\/pages\/226\/revisions\/239"}],"up":[{"embeddable":true,"href":"https:\/\/ralko.eu\/en\/wp-json\/wp\/v2\/pages\/207"}],"wp:attachment":[{"href":"https:\/\/ralko.eu\/en\/wp-json\/wp\/v2\/media?parent=226"}],"curies":[{"name":"wp","href":"https:\/\/api.w.org\/{rel}","templated":true}]}}